{"id":278,"date":"2026-01-28T09:09:56","date_gmt":"2026-01-28T09:09:56","guid":{"rendered":"https:\/\/padelelmoral.com\/?page_id=278"},"modified":"2026-01-28T09:09:57","modified_gmt":"2026-01-28T09:09:57","slug":"aviso-legal","status":"publish","type":"page","link":"https:\/\/padelelmoral.com\/index.php\/aviso-legal\/","title":{"rendered":"Aviso legal"},"content":{"rendered":"<p>[et_pb_section fb_built=\u00bb1&#8243; _builder_version=\u00bb4.27.4&#8243; _module_preset=\u00bbdefault\u00bb global_colors_info=\u00bb{}\u00bb theme_builder_area=\u00bbpost_content\u00bb][et_pb_row _builder_version=\u00bb4.27.4&#8243; _module_preset=\u00bb8690936c-bede-4a87-bf73-d1af595ba9ed\u00bb global_colors_info=\u00bb{}\u00bb theme_builder_area=\u00bbpost_content\u00bb][et_pb_column type=\u00bb4_4&#8243; _builder_version=\u00bb4.27.4&#8243; _module_preset=\u00bbdefault\u00bb global_colors_info=\u00bb{}\u00bb theme_builder_area=\u00bbpost_content\u00bb][et_pb_text _builder_version=\u00bb4.27.4&#8243; _module_preset=\u00bbdefault\u00bb global_colors_info=\u00bb{}\u00bb theme_builder_area=\u00bbpost_content\u00bb]<\/p>\n<div class=\"et_pb_module et_pb_text et_pb_text_0  et_pb_text_align_left et_pb_bg_layout_light\">\n<div class=\"et_pb_text_inner\">\n<h2>AVISO LEGAL<\/h2>\n<\/div>\n<\/div>\n<p data-start=\"391\" data-end=\"420\"><strong data-start=\"391\" data-end=\"420\">Titularidad del sitio web<\/strong><\/p>\n<p data-start=\"422\" data-end=\"657\">En cumplimiento con el deber de informaci\u00f3n recogido en el art\u00edculo 10 de la Ley 34\/2002, de 11 de julio, de Servicios de la Sociedad de la Informaci\u00f3n y del Comercio Electr\u00f3nico, se informa que el presente sitio web es titularidad de:<\/p>\n<ul data-start=\"659\" data-end=\"927\">\n<li data-start=\"659\" data-end=\"701\">\n<p data-start=\"661\" data-end=\"701\"><strong data-start=\"661\" data-end=\"673\">Titular:<\/strong> Jos\u00e9 Remigio Su\u00e1rez Miler<\/p>\n<\/li>\n<li data-start=\"702\" data-end=\"742\">\n<p data-start=\"704\" data-end=\"742\"><strong data-start=\"704\" data-end=\"725\">Nombre comercial:<\/strong> Padel El Moral<\/p>\n<\/li>\n<li data-start=\"743\" data-end=\"765\">\n<p data-start=\"745\" data-end=\"765\"><strong data-start=\"745\" data-end=\"753\">DNI:<\/strong> 75775684E<\/p>\n<\/li>\n<li data-start=\"766\" data-end=\"832\">\n<p data-start=\"768\" data-end=\"832\"><strong data-start=\"768\" data-end=\"782\">Direcci\u00f3n:<\/strong> Camino del Pino-La Jara, Club de P\u00e1del El Moral<\/p>\n<\/li>\n<li data-start=\"833\" data-end=\"887\">\n<p data-start=\"835\" data-end=\"887\"><strong data-start=\"835\" data-end=\"849\">Localidad:<\/strong> 11540 Sanl\u00facar de Barrameda (C\u00e1diz)<\/p>\n<\/li>\n<li data-start=\"888\" data-end=\"927\">\n<p data-start=\"890\" data-end=\"927\"><strong data-start=\"890\" data-end=\"904\">Sitio web:<\/strong> <a data-start=\"905\" data-end=\"925\" rel=\"noopener\" target=\"_new\" class=\"decorated-link\" href=\"http:\/\/www.padelelmoral.com\/\">www.padelelmoral.com<span aria-hidden=\"true\" class=\"ms-0.5 inline-block align-middle leading-none\"><svg xmlns=\"http:\/\/www.w3.org\/2000\/svg\" width=\"20\" height=\"20\" aria-hidden=\"true\" data-rtl-flip=\"\" class=\"block h-[0.75em] w-[0.75em] stroke-current stroke-[0.75]\"><use href=\"\/cdn\/assets\/sprites-core-k5zux585.svg#304883\" fill=\"currentColor\"><\/use><\/svg><\/span><\/a><\/p>\n<\/li>\n<\/ul>\n<hr data-start=\"929\" data-end=\"932\" \/>\n<h2 data-start=\"934\" data-end=\"955\">Condiciones de uso<\/h2>\n<p data-start=\"957\" data-end=\"1100\">El acceso y uso de este sitio web atribuye la condici\u00f3n de usuario, quien acepta, desde dicho acceso y\/o uso, las presentes condiciones de uso.<\/p>\n<p data-start=\"1102\" data-end=\"1343\">El usuario se compromete a hacer un uso adecuado de los contenidos y servicios que Padel El Moral ofrece a trav\u00e9s de su sitio web, y a no emplearlos para incurrir en actividades il\u00edcitas o contrarias a la buena fe y al ordenamiento jur\u00eddico.<\/p>\n<hr data-start=\"1345\" data-end=\"1348\" \/>\n<h2 data-start=\"1350\" data-end=\"1387\">Propiedad intelectual e industrial<\/h2>\n<p data-start=\"1389\" data-end=\"1653\">Todos los contenidos del sitio web (textos, im\u00e1genes, dise\u00f1os, logotipos, v\u00eddeos, etc.) son titularidad de Padel El Moral o de terceros que han autorizado su uso, quedando prohibida su reproducci\u00f3n, distribuci\u00f3n o modificaci\u00f3n sin autorizaci\u00f3n expresa del titular.<\/p>\n<hr data-start=\"1655\" data-end=\"1658\" \/>\n<h2 data-start=\"1660\" data-end=\"1678\">Responsabilidad<\/h2>\n<p data-start=\"1680\" data-end=\"1891\">Padel El Moral no se responsabiliza de los da\u00f1os o perjuicios derivados del uso del sitio web ni garantiza la ausencia de virus u otros elementos que puedan causar da\u00f1os en los sistemas inform\u00e1ticos del usuario.<\/p>\n<p data-start=\"1893\" data-end=\"2002\">Asimismo, no se hace responsable del contenido de los enlaces externos que pudieran aparecer en el sitio web.<\/p>\n<hr data-start=\"2004\" data-end=\"2007\" \/>\n<h2 data-start=\"2009\" data-end=\"2033\">Legislaci\u00f3n aplicable<\/h2>\n<p data-start=\"2035\" data-end=\"2284\">La relaci\u00f3n entre el usuario y el titular del sitio web se regir\u00e1 por la normativa espa\u00f1ola vigente. Para la resoluci\u00f3n de cualquier conflicto, las partes se someter\u00e1n a los juzgados y tribunales que correspondan conforme a la legislaci\u00f3n aplicable.<\/p>\n<p>&nbsp;<\/p>\n<p>[\/et_pb_text][\/et_pb_column][\/et_pb_row][\/et_pb_section]<\/p>\n","protected":false},"excerpt":{"rendered":"<p>AVISO LEGAL Titularidad del sitio web En cumplimiento con el deber de informaci\u00f3n recogido en el art\u00edculo 10 de la Ley 34\/2002, de 11 de julio, de Servicios de la Sociedad de la Informaci\u00f3n y del Comercio Electr\u00f3nico, se informa que el presente sitio web es titularidad de: Titular: Jos\u00e9 Remigio Su\u00e1rez Miler Nombre comercial: [&hellip;]<\/p>\n","protected":false},"author":2,"featured_media":0,"parent":0,"menu_order":0,"comment_status":"closed","ping_status":"closed","template":"","meta":{"_et_pb_use_builder":"on","_et_pb_old_content":"","_et_gb_content_width":"","footnotes":""},"class_list":["post-278","page","type-page","status-publish","hentry"],"_links":{"self":[{"href":"https:\/\/padelelmoral.com\/index.php\/wp-json\/wp\/v2\/pages\/278","targetHints":{"allow":["GET"]}}],"collection":[{"href":"https:\/\/padelelmoral.com\/index.php\/wp-json\/wp\/v2\/pages"}],"about":[{"href":"https:\/\/padelelmoral.com\/index.php\/wp-json\/wp\/v2\/types\/page"}],"author":[{"embeddable":true,"href":"https:\/\/padelelmoral.com\/index.php\/wp-json\/wp\/v2\/users\/2"}],"replies":[{"embeddable":true,"href":"https:\/\/padelelmoral.com\/index.php\/wp-json\/wp\/v2\/comments?post=278"}],"version-history":[{"count":3,"href":"https:\/\/padelelmoral.com\/index.php\/wp-json\/wp\/v2\/pages\/278\/revisions"}],"predecessor-version":[{"id":282,"href":"https:\/\/padelelmoral.com\/index.php\/wp-json\/wp\/v2\/pages\/278\/revisions\/282"}],"wp:attachment":[{"href":"https:\/\/padelelmoral.com\/index.php\/wp-json\/wp\/v2\/media?parent=278"}],"curies":[{"name":"wp","href":"https:\/\/api.w.org\/{rel}","templated":true}]}}